{"id":10995,"date":"2022-08-07T22:46:24","date_gmt":"2022-08-07T22:46:24","guid":{"rendered":"https:\/\/siopi.ai\/?page_id=10995"},"modified":"2022-08-08T00:51:58","modified_gmt":"2022-08-08T00:51:58","slug":"donate","status":"publish","type":"page","link":"https:\/\/siopi.ai\/fr\/donate","title":{"rendered":"Faire un don"},"content":{"rendered":"<div data-elementor-type=\"wp-page\" data-elementor-id=\"10995\" class=\"elementor elementor-10995\">\n\t\t\t\t\t\t\t\t\t<section class=\"elementor-section elementor-top-section elementor-element elementor-element-6a6ac89 elementor-section-boxed elementor-section-height-default elementor-section-height-default\" data-id=\"6a6ac89\" data-element_type=\"section\">\n\t\t\t\t\t\t<div class=\"elementor-container elementor-column-gap-default\">\n\t\t\t\t\t<div class=\"elementor-column elementor-col-100 elementor-top-column elementor-element elementor-element-7be1475\" data-id=\"7be1475\" data-element_type=\"column\">\n\t\t\t<div class=\"elementor-widget-wrap elementor-element-populated\">\n\t\t\t\t\t\t\t\t\t<\/div>\n\t\t<\/div>\n\t\t\t\t\t\t\t<\/div>\n\t\t<\/section>\n\t\t\t\t<section class=\"elementor-section elementor-top-section elementor-element elementor-element-14af6bf elementor-section-boxed elementor-section-height-default elementor-section-height-default\" data-id=\"14af6bf\" data-element_type=\"section\">\n\t\t\t\t\t\t<div class=\"elementor-container elementor-column-gap-default\">\n\t\t\t\t\t<div class=\"elementor-column elementor-col-100 elementor-top-column elementor-element elementor-element-9e92409\" data-id=\"9e92409\" data-element_type=\"column\">\n\t\t\t<div class=\"elementor-widget-wrap\">\n\t\t\t\t\t\t\t\t\t<\/div>\n\t\t<\/div>\n\t\t\t\t\t\t\t<\/div>\n\t\t<\/section>\n\t\t\t\t<section class=\"elementor-section elementor-top-section elementor-element elementor-element-968795a elementor-section-boxed elementor-section-height-default elementor-section-height-default\" data-id=\"968795a\" data-element_type=\"section\">\n\t\t\t\t\t\t<div class=\"elementor-container elementor-column-gap-default\">\n\t\t\t\t\t<div class=\"elementor-column elementor-col-100 elementor-top-column elementor-element elementor-element-53332da\" data-id=\"53332da\" data-element_type=\"column\">\n\t\t\t<div class=\"elementor-widget-wrap elementor-element-populated\">\n\t\t\t\t\t\t\t\t<div class=\"elementor-element elementor-element-8dd6e9f elementor-widget elementor-widget-spacer\" data-id=\"8dd6e9f\" data-element_type=\"widget\" data-widget_type=\"spacer.default\">\n\t\t\t\t<div class=\"elementor-widget-container\">\n\t\t\t<style>\/*! elementor - v3.11.1 - 15-02-2023 *\/\n.elementor-column .elementor-spacer-inner{height:var(--spacer-size)}.e-con{--container-widget-width:100%}.e-con-inner>.elementor-widget-spacer,.e-con>.elementor-widget-spacer{width:var(--container-widget-width,var(--spacer-size));--align-self:var(--container-widget-align-self,initial);--flex-shrink:0}.e-con-inner>.elementor-widget-spacer>.elementor-widget-container,.e-con-inner>.elementor-widget-spacer>.elementor-widget-container>.elementor-spacer,.e-con>.elementor-widget-spacer>.elementor-widget-container,.e-con>.elementor-widget-spacer>.elementor-widget-container>.elementor-spacer{height:100%}.e-con-inner>.elementor-widget-spacer>.elementor-widget-container>.elementor-spacer>.elementor-spacer-inner,.e-con>.elementor-widget-spacer>.elementor-widget-container>.elementor-spacer>.elementor-spacer-inner{height:var(--container-widget-height,var(--spacer-size))}<\/style>\t\t<div class=\"elementor-spacer\">\n\t\t\t<div class=\"elementor-spacer-inner\"><\/div>\n\t\t<\/div>\n\t\t\t\t<\/div>\n\t\t\t\t<\/div>\n\t\t\t\t\t<\/div>\n\t\t<\/div>\n\t\t\t\t\t\t\t<\/div>\n\t\t<\/section>\n\t\t\t\t<section class=\"elementor-section elementor-top-section elementor-element elementor-element-4fe5111 elementor-section-boxed elementor-section-height-default elementor-section-height-default\" data-id=\"4fe5111\" data-element_type=\"section\">\n\t\t\t\t\t\t<div class=\"elementor-container elementor-column-gap-default\">\n\t\t\t\t\t<div class=\"elementor-column elementor-col-50 elementor-top-column elementor-element elementor-element-0e92ecb\" data-id=\"0e92ecb\" data-element_type=\"column\">\n\t\t\t<div class=\"elementor-widget-wrap elementor-element-populated\">\n\t\t\t\t\t\t\t\t<div class=\"elementor-element elementor-element-1ddb356 elementor-widget elementor-widget-html\" data-id=\"1ddb356\" data-element_type=\"widget\" data-widget_type=\"html.default\">\n\t\t\t\t<div class=\"elementor-widget-container\">\n\t\t\t<script src=\"https:\/\/donorbox.org\/widget.js\" paypalexpress=\"false\"><\/script><iframe loading=\"lazy\" src=\"https:\/\/donorbox.org\/embed\/siopi-tinnitus-compas-pay-us-a-pizza-for-our-next-coding-session?default_interval=m&hide_donation_meter=true\" name=\"donorbox\" allowpaymentrequest=\"allowpaymentrequest\" seamless=\"seamless\" frameborder=\"0\" scrolling=\"no\" height=\"900px\" width=\"100%\" style=\"max-width: 500px; min-width: 250px; max-height:none!important\"><\/iframe>\t\t<\/div>\n\t\t\t\t<\/div>\n\t\t\t\t\t<\/div>\n\t\t<\/div>\n\t\t\t\t<div class=\"elementor-column elementor-col-50 elementor-top-column elementor-element elementor-element-3907ee1\" data-id=\"3907ee1\" data-element_type=\"column\">\n\t\t\t<div class=\"elementor-widget-wrap elementor-element-populated\">\n\t\t\t\t\t\t\t\t<div class=\"elementor-element elementor-element-8515f49 elementor-arrows-position-inside elementor-pagination-position-outside elementor-widget elementor-widget-image-carousel\" data-id=\"8515f49\" data-element_type=\"widget\" data-settings=\"{&quot;slides_to_show&quot;:&quot;1&quot;,&quot;autoplay_speed&quot;:3000,&quot;navigation&quot;:&quot;both&quot;,&quot;autoplay&quot;:&quot;yes&quot;,&quot;pause_on_hover&quot;:&quot;yes&quot;,&quot;pause_on_interaction&quot;:&quot;yes&quot;,&quot;infinite&quot;:&quot;yes&quot;,&quot;effect&quot;:&quot;slide&quot;,&quot;speed&quot;:500}\" data-widget_type=\"image-carousel.default\">\n\t\t\t\t<div class=\"elementor-widget-container\">\n\t\t\t<style>\/*! elementor - v3.11.1 - 15-02-2023 *\/\n.elementor-widget-image-carousel .swiper,.elementor-widget-image-carousel .swiper-container{position:static}.elementor-widget-image-carousel .swiper-container .swiper-slide figure,.elementor-widget-image-carousel .swiper .swiper-slide figure{line-height:inherit}.elementor-widget-image-carousel .swiper-slide{text-align:center}.elementor-image-carousel-wrapper:not(.swiper-container-initialized) .swiper-slide,.elementor-image-carousel-wrapper:not(.swiper-initialized) .swiper-slide{max-width:calc(100% \/ var(--e-image-carousel-slides-to-show, 3))}<\/style>\t\t<div class=\"elementor-image-carousel-wrapper swiper-container\" dir=\"ltr\">\n\t\t\t<div class=\"elementor-image-carousel swiper-wrapper\">\n\t\t\t\t\t\t\t\t<div class=\"swiper-slide\"><figure class=\"swiper-slide-inner\"><img decoding=\"async\" class=\"swiper-slide-image\" src=\"https:\/\/siopi.ai\/wp-content\/uploads\/2022\/02\/Louis_hello_siopi.webp\" alt=\"Meet our team -&gt;\" \/><figcaption class=\"elementor-image-carousel-caption\">Salut :) !!\nRencontrez notre \u00e9quipe!<\/figcaption><\/figure><\/div><div class=\"swiper-slide\"><figure class=\"swiper-slide-inner\"><img decoding=\"async\" class=\"swiper-slide-image\" src=\"https:\/\/siopi.ai\/wp-content\/uploads\/2022\/08\/IMG_20220324_184425-scaled.jpg\" alt=\"Spring 2022 - Siopi Team at it&#039;s fullest*. *two developers are missing because we couldn&#039;t afford the flight tickets (and 12,000km roundtrip)\" \/><figcaption class=\"elementor-image-carousel-caption\">Printemps 2022 et l'\u00e9quipe (quasiment) au complet!! Deux d\u00e9veloppeurs manquent \u00e0 l'appel : ils nous aident \u00e0 6000 km de distance ^^!<\/figcaption><\/figure><\/div><div class=\"swiper-slide\"><figure class=\"swiper-slide-inner\"><img decoding=\"async\" class=\"swiper-slide-image\" src=\"https:\/\/siopi.ai\/wp-content\/uploads\/2022\/08\/IMG_20210211_145159-scaled.jpg\" alt=\"The first picture of Siopi early 2021 in our office in Grenoble, France.\" \/><figcaption class=\"elementor-image-carousel-caption\">Une de nos premi\u00e8res photos \u00e0 nos bureaux de l'universit\u00e9 de Grenoble, d\u00e9but 2021. On \u00e9tait alors encore abonn\u00e9 au masque et fraichement sorti d'un \u00e9ni\u00e8me confinement!<\/figcaption><\/figure><\/div><div class=\"swiper-slide\"><figure class=\"swiper-slide-inner\"><img decoding=\"async\" class=\"swiper-slide-image\" src=\"https:\/\/siopi.ai\/wp-content\/uploads\/2022\/08\/IMG_20210929_201235-scaled.jpg\" alt=\"The first graduation of two Master thesis in Machine Learning, late 2021.We are proud of their contribution to science for helping find personalized treatments.\" \/><figcaption class=\"elementor-image-carousel-caption\">Remise de \"dipl\u00f4mes\" pour f\u00eater la fin du stage de fin d'\u00e9tude de Nadji et Adam, fin 2021. \nNous sommes fiers de leur contribution en machine learning pour aider \u00e0 optimiser l'algorithme de similarit\u00e9 entre profils de sympt\u00f4mes entre les utilisateurs de Siopi!<\/figcaption><\/figure><\/div>\t\t\t<\/div>\n\t\t\t\t\t\t\t\t\t\t\t\t<div class=\"swiper-pagination\"><\/div>\n\t\t\t\t\t\t\t\t\t\t\t\t\t<div class=\"elementor-swiper-button elementor-swiper-button-prev\">\n\t\t\t\t\t\t<i aria-hidden=\"true\" class=\"eicon-chevron-left\"><\/i>\t\t\t\t\t\t<span class=\"elementor-screen-only\">Pr\u00e9c\u00e9dent<\/span>\n\t\t\t\t\t<\/div>\n\t\t\t\t\t<div class=\"elementor-swiper-button elementor-swiper-button-next\">\n\t\t\t\t\t\t<i aria-hidden=\"true\" class=\"eicon-chevron-right\"><\/i>\t\t\t\t\t\t<span class=\"elementor-screen-only\">Suivant<\/span>\n\t\t\t\t\t<\/div>\n\t\t\t\t\t\t\t\t\t<\/div>\n\t\t\t\t<\/div>\n\t\t\t\t<\/div>\n\t\t\t\t\t<\/div>\n\t\t<\/div>\n\t\t\t\t\t\t\t<\/div>\n\t\t<\/section>\n\t\t\t\t\t\t\t<\/div>","protected":false},"excerpt":{"rendered":"<p>Meet our team -&gt; Spring 2022 &#8211; Siopi Team at it&#8217;s fullest*. *two developers are missing because we couldn&#8217;t afford the flight tickets (and 12,000km roundtrip) The first picture of Siopi early 2021 in our office in Grenoble, France. The first graduation of two Master thesis in Machine Learning, late 2021. We are proud of &hellip;<\/p>\n<p class=\"read-more\"> <a class=\"\" href=\"https:\/\/siopi.ai\/fr\/donate\"> <span class=\"screen-reader-text\">Faire un don<\/span> Lire la suite\u00a0\u00bb<\/a><\/p>","protected":false},"author":1,"featured_media":0,"parent":0,"menu_order":0,"comment_status":"closed","ping_status":"closed","template":"elementor_theme","meta":{"_mi_skip_tracking":false,"site-sidebar-layout":"no-sidebar","site-content-layout":"page-builder","ast-global-header-display":"","ast-main-header-display":"","ast-hfb-above-header-display":"","ast-hfb-below-header-display":"","ast-hfb-mobile-header-display":"","site-post-title":"disabled","ast-breadcrumbs-content":"","ast-featured-img":"disabled","footer-sml-layout":"","theme-transparent-header-meta":"","adv-header-id-meta":"","stick-header-meta":"","header-above-stick-meta":"","header-main-stick-meta":"","header-below-stick-meta":"","footnotes":""},"class_list":["post-10995","page","type-page","status-publish","hentry"],"yoast_head":"<!-- This site is optimized with the Yoast SEO plugin v20.1 - https:\/\/yoast.com\/wordpress\/plugins\/seo\/ -->\n<title>Donate - Siopi<\/title>\n<meta name=\"robots\" content=\"index, follow, max-snippet:-1, max-image-preview:large, max-video-preview:-1\" \/>\n<link rel=\"canonical\" href=\"https:\/\/siopi.ai\/fr\/donate\/\" \/>\n<meta property=\"og:locale\" content=\"fr_FR\" \/>\n<meta property=\"og:type\" content=\"article\" \/>\n<meta property=\"og:title\" content=\"Donate - Siopi\" \/>\n<meta property=\"og:description\" content=\"Meet our team -&gt; Spring 2022 &#8211; Siopi Team at it&#8217;s fullest*. *two developers are missing because we couldn&#8217;t afford the flight tickets (and 12,000km roundtrip) The first picture of Siopi early 2021 in our office in Grenoble, France. The first graduation of two Master thesis in Machine Learning, late 2021. We are proud of &hellip; Donate Lire la suite\u00a0\u00bb\" \/>\n<meta property=\"og:url\" content=\"https:\/\/siopi.ai\/fr\/donate\/\" \/>\n<meta property=\"og:site_name\" content=\"Siopi\" \/>\n<meta property=\"article:modified_time\" content=\"2022-08-08T00:51:58+00:00\" \/>\n<meta property=\"og:image\" content=\"https:\/\/siopi.ai\/wp-content\/uploads\/2022\/02\/Louis_hello_siopi.webp\" \/>\n<meta name=\"twitter:card\" content=\"summary_large_image\" \/>\n<meta name=\"twitter:label1\" content=\"Dur\u00e9e de lecture estim\u00e9e\" \/>\n\t<meta name=\"twitter:data1\" content=\"2 minutes\" \/>\n<script type=\"application\/ld+json\" class=\"yoast-schema-graph\">{\"@context\":\"https:\/\/schema.org\",\"@graph\":[{\"@type\":\"WebPage\",\"@id\":\"https:\/\/siopi.ai\/donate\",\"url\":\"https:\/\/siopi.ai\/donate\",\"name\":\"Donate - Siopi\",\"isPartOf\":{\"@id\":\"https:\/\/siopi.ai\/#website\"},\"datePublished\":\"2022-08-07T22:46:24+00:00\",\"dateModified\":\"2022-08-08T00:51:58+00:00\",\"breadcrumb\":{\"@id\":\"https:\/\/siopi.ai\/donate#breadcrumb\"},\"inLanguage\":\"fr-FR\",\"potentialAction\":[{\"@type\":\"ReadAction\",\"target\":[\"https:\/\/siopi.ai\/donate\"]}]},{\"@type\":\"BreadcrumbList\",\"@id\":\"https:\/\/siopi.ai\/donate#breadcrumb\",\"itemListElement\":[{\"@type\":\"ListItem\",\"position\":1,\"name\":\"Home\",\"item\":\"https:\/\/siopi.ai\/\"},{\"@type\":\"ListItem\",\"position\":2,\"name\":\"Donate\"}]},{\"@type\":\"WebSite\",\"@id\":\"https:\/\/siopi.ai\/#website\",\"url\":\"https:\/\/siopi.ai\/\",\"name\":\"Siopi\",\"description\":\"Tinnitus learning community\",\"publisher\":{\"@id\":\"https:\/\/siopi.ai\/#organization\"},\"potentialAction\":[{\"@type\":\"SearchAction\",\"target\":{\"@type\":\"EntryPoint\",\"urlTemplate\":\"https:\/\/siopi.ai\/?s={search_term_string}\"},\"query-input\":\"required name=search_term_string\"}],\"inLanguage\":\"fr-FR\"},{\"@type\":\"Organization\",\"@id\":\"https:\/\/siopi.ai\/#organization\",\"name\":\"Siopi\",\"url\":\"https:\/\/siopi.ai\/\",\"logo\":{\"@type\":\"ImageObject\",\"inLanguage\":\"fr-FR\",\"@id\":\"https:\/\/siopi.ai\/#\/schema\/logo\/image\/\",\"url\":\"https:\/\/siopi.ai\/wp-content\/uploads\/2022\/02\/Logo-Siopi-no-text.png\",\"contentUrl\":\"https:\/\/siopi.ai\/wp-content\/uploads\/2022\/02\/Logo-Siopi-no-text.png\",\"width\":1039,\"height\":974,\"caption\":\"Siopi\"},\"image\":{\"@id\":\"https:\/\/siopi.ai\/#\/schema\/logo\/image\/\"}}]}<\/script>\n<!-- \/ Yoast SEO plugin. -->","yoast_head_json":{"title":"Donate - Siopi","robots":{"index":"index","follow":"follow","max-snippet":"max-snippet:-1","max-image-preview":"max-image-preview:large","max-video-preview":"max-video-preview:-1"},"canonical":"https:\/\/siopi.ai\/fr\/donate\/","og_locale":"fr_FR","og_type":"article","og_title":"Donate - Siopi","og_description":"Meet our team -&gt; Spring 2022 &#8211; Siopi Team at it&#8217;s fullest*. *two developers are missing because we couldn&#8217;t afford the flight tickets (and 12,000km roundtrip) The first picture of Siopi early 2021 in our office in Grenoble, France. The first graduation of two Master thesis in Machine Learning, late 2021. We are proud of &hellip; Donate Lire la suite\u00a0\u00bb","og_url":"https:\/\/siopi.ai\/fr\/donate\/","og_site_name":"Siopi","article_modified_time":"2022-08-08T00:51:58+00:00","og_image":[{"url":"https:\/\/siopi.ai\/wp-content\/uploads\/2022\/02\/Louis_hello_siopi.webp"}],"twitter_card":"summary_large_image","twitter_misc":{"Dur\u00e9e de lecture estim\u00e9e":"2 minutes"},"schema":{"@context":"https:\/\/schema.org","@graph":[{"@type":"WebPage","@id":"https:\/\/siopi.ai\/donate","url":"https:\/\/siopi.ai\/donate","name":"Donate - Siopi","isPartOf":{"@id":"https:\/\/siopi.ai\/#website"},"datePublished":"2022-08-07T22:46:24+00:00","dateModified":"2022-08-08T00:51:58+00:00","breadcrumb":{"@id":"https:\/\/siopi.ai\/donate#breadcrumb"},"inLanguage":"fr-FR","potentialAction":[{"@type":"ReadAction","target":["https:\/\/siopi.ai\/donate"]}]},{"@type":"BreadcrumbList","@id":"https:\/\/siopi.ai\/donate#breadcrumb","itemListElement":[{"@type":"ListItem","position":1,"name":"Home","item":"https:\/\/siopi.ai\/"},{"@type":"ListItem","position":2,"name":"Donate"}]},{"@type":"WebSite","@id":"https:\/\/siopi.ai\/#website","url":"https:\/\/siopi.ai\/","name":"Siopi","description":"Tinnitus learning community","publisher":{"@id":"https:\/\/siopi.ai\/#organization"},"potentialAction":[{"@type":"SearchAction","target":{"@type":"EntryPoint","urlTemplate":"https:\/\/siopi.ai\/?s={search_term_string}"},"query-input":"required name=search_term_string"}],"inLanguage":"fr-FR"},{"@type":"Organization","@id":"https:\/\/siopi.ai\/#organization","name":"Siopi","url":"https:\/\/siopi.ai\/","logo":{"@type":"ImageObject","inLanguage":"fr-FR","@id":"https:\/\/siopi.ai\/#\/schema\/logo\/image\/","url":"https:\/\/siopi.ai\/wp-content\/uploads\/2022\/02\/Logo-Siopi-no-text.png","contentUrl":"https:\/\/siopi.ai\/wp-content\/uploads\/2022\/02\/Logo-Siopi-no-text.png","width":1039,"height":974,"caption":"Siopi"},"image":{"@id":"https:\/\/siopi.ai\/#\/schema\/logo\/image\/"}}]}},"_links":{"self":[{"href":"https:\/\/siopi.ai\/fr\/wp-json\/wp\/v2\/pages\/10995","targetHints":{"allow":["GET"]}}],"collection":[{"href":"https:\/\/siopi.ai\/fr\/wp-json\/wp\/v2\/pages"}],"about":[{"href":"https:\/\/siopi.ai\/fr\/wp-json\/wp\/v2\/types\/page"}],"author":[{"embeddable":true,"href":"https:\/\/siopi.ai\/fr\/wp-json\/wp\/v2\/users\/1"}],"replies":[{"embeddable":true,"href":"https:\/\/siopi.ai\/fr\/wp-json\/wp\/v2\/comments?post=10995"}],"version-history":[{"count":23,"href":"https:\/\/siopi.ai\/fr\/wp-json\/wp\/v2\/pages\/10995\/revisions"}],"predecessor-version":[{"id":11052,"href":"https:\/\/siopi.ai\/fr\/wp-json\/wp\/v2\/pages\/10995\/revisions\/11052"}],"wp:attachment":[{"href":"https:\/\/siopi.ai\/fr\/wp-json\/wp\/v2\/media?parent=10995"}],"curies":[{"name":"wp","href":"https:\/\/api.w.org\/{rel}","templated":true}]}}