{"id":11249,"date":"2024-03-29T15:48:40","date_gmt":"2024-03-29T15:48:40","guid":{"rendered":"https:\/\/siopi.ai\/?page_id=11249"},"modified":"2024-03-29T16:08:10","modified_gmt":"2024-03-29T16:08:10","slug":"how-to-suppress-your-siopi-account","status":"publish","type":"page","link":"https:\/\/siopi.ai\/fr\/how-to-suppress-your-siopi-account","title":{"rendered":"Comment supprimer son compte Siopi &#8212; How to suppress your Siopi Account"},"content":{"rendered":"<p>Etape 1 : Ouvrez l&#8217;application Siopi<\/p>\n\n\n\n<p>Etape 2 : Connectez-vous \u00e0 votre compte Siopi avec votre identifiant et votre mot de passe <\/p>\n\n\n\n<p>Etape 3:  Cliquez sur le bouton de menu lat\u00e9ral, pr\u00e9sent en haut \u00e0 gauche de l&#8217;\u00e9cran et repr\u00e9sent\u00e9 par 3 barre horizontales<\/p>\n\n\n\n<p>Etape 4 : Cliquez sur &#8220;param\u00e8tres avanc\u00e9s&#8221;.<\/p>\n\n\n\n<p>Etape 5 : Appuyez sur le bouton rouge en bas de l&#8217;\u00e9cran &#8220;delete my account&#8221;, qui veut dire &#8220;supprimer mon compte&#8221; et confirmez si besoin<\/p>\n\n\n\n<p>How to suppress your Siopi Account ?<\/p>\n\n\n\n<p>Step 1: Open the Siopi application<\/p>\n\n\n\n<p>Step 2: Log in to your Siopi account with your username and password<\/p>\n\n\n\n<p>Step 3: Click on the side menu button at the top left of the screen, represented by 3 horizontal bars.<\/p>\n\n\n\n<p>Step 4: Click on &#8220;Advanced settings&#8221;.<\/p>\n\n\n\n<p>Step 5: Press the red &#8220;delete my account&#8221; button at the bottom of the screen, and confirm if necessary.<\/p>","protected":false},"excerpt":{"rendered":"<p>Etape 1 : Ouvrez l&#8217;application Siopi Etape 2 : Connectez-vous \u00e0 votre compte Siopi avec votre identifiant et votre mot de passe Etape 3: Cliquez sur le bouton de menu lat\u00e9ral, pr\u00e9sent en haut \u00e0 gauche de l&#8217;\u00e9cran et repr\u00e9sent\u00e9 par 3 barre horizontales Etape 4 : Cliquez sur &#8220;param\u00e8tres avanc\u00e9s&#8221;. Etape 5 : Appuyez &hellip;<\/p>\n<p class=\"read-more\"> <a class=\"\" href=\"https:\/\/siopi.ai\/fr\/how-to-suppress-your-siopi-account\"> <span class=\"screen-reader-text\">Comment supprimer son compte Siopi &#8212; How to suppress your Siopi Account<\/span> Lire la suite\u00a0\u00bb<\/a><\/p>","protected":false},"author":3,"featured_media":0,"parent":0,"menu_order":0,"comment_status":"closed","ping_status":"closed","template":"","meta":{"_mi_skip_tracking":false,"site-sidebar-layout":"default","site-content-layout":"default","ast-global-header-display":"","ast-main-header-display":"","ast-hfb-above-header-display":"","ast-hfb-below-header-display":"","ast-hfb-mobile-header-display":"","site-post-title":"","ast-breadcrumbs-content":"","ast-featured-img":"","footer-sml-layout":"","theme-transparent-header-meta":"","adv-header-id-meta":"","stick-header-meta":"","header-above-stick-meta":"","header-main-stick-meta":"","header-below-stick-meta":"","footnotes":""},"class_list":["post-11249","page","type-page","status-publish","hentry"],"yoast_head":"<!-- This site is optimized with the Yoast SEO plugin v20.1 - https:\/\/yoast.com\/wordpress\/plugins\/seo\/ -->\n<title>Comment supprimer son compte Siopi - How to suppress your Siopi Account - Siopi<\/title>\n<meta name=\"robots\" content=\"index, follow, max-snippet:-1, max-image-preview:large, max-video-preview:-1\" \/>\n<link rel=\"canonical\" href=\"https:\/\/siopi.ai\/fr\/how-to-suppress-your-siopi-account\/\" \/>\n<meta property=\"og:locale\" content=\"fr_FR\" \/>\n<meta property=\"og:type\" content=\"article\" \/>\n<meta property=\"og:title\" content=\"Comment supprimer son compte Siopi - How to suppress your Siopi Account - Siopi\" \/>\n<meta property=\"og:description\" content=\"Etape 1 : Ouvrez l&#8217;application Siopi Etape 2 : Connectez-vous \u00e0 votre compte Siopi avec votre identifiant et votre mot de passe Etape 3: Cliquez sur le bouton de menu lat\u00e9ral, pr\u00e9sent en haut \u00e0 gauche de l&#8217;\u00e9cran et repr\u00e9sent\u00e9 par 3 barre horizontales Etape 4 : Cliquez sur &#8220;param\u00e8tres avanc\u00e9s&#8221;. Etape 5 : Appuyez &hellip; Comment supprimer son compte Siopi &#8212; How to suppress your Siopi Account Lire la suite\u00a0\u00bb\" \/>\n<meta property=\"og:url\" content=\"https:\/\/siopi.ai\/fr\/how-to-suppress-your-siopi-account\/\" \/>\n<meta property=\"og:site_name\" content=\"Siopi\" \/>\n<meta property=\"article:modified_time\" content=\"2024-03-29T16:08:10+00:00\" \/>\n<meta name=\"twitter:card\" content=\"summary_large_image\" \/>\n<meta name=\"twitter:label1\" content=\"Dur\u00e9e de lecture estim\u00e9e\" \/>\n\t<meta name=\"twitter:data1\" content=\"1 minute\" \/>\n<script type=\"application\/ld+json\" class=\"yoast-schema-graph\">{\"@context\":\"https:\/\/schema.org\",\"@graph\":[{\"@type\":\"WebPage\",\"@id\":\"https:\/\/siopi.ai\/how-to-suppress-your-siopi-account\",\"url\":\"https:\/\/siopi.ai\/how-to-suppress-your-siopi-account\",\"name\":\"Comment supprimer son compte Siopi - How to suppress your Siopi Account - Siopi\",\"isPartOf\":{\"@id\":\"https:\/\/siopi.ai\/#website\"},\"datePublished\":\"2024-03-29T15:48:40+00:00\",\"dateModified\":\"2024-03-29T16:08:10+00:00\",\"breadcrumb\":{\"@id\":\"https:\/\/siopi.ai\/how-to-suppress-your-siopi-account#breadcrumb\"},\"inLanguage\":\"fr-FR\",\"potentialAction\":[{\"@type\":\"ReadAction\",\"target\":[\"https:\/\/siopi.ai\/how-to-suppress-your-siopi-account\"]}]},{\"@type\":\"BreadcrumbList\",\"@id\":\"https:\/\/siopi.ai\/how-to-suppress-your-siopi-account#breadcrumb\",\"itemListElement\":[{\"@type\":\"ListItem\",\"position\":1,\"name\":\"Home\",\"item\":\"https:\/\/siopi.ai\/\"},{\"@type\":\"ListItem\",\"position\":2,\"name\":\"Comment supprimer son compte Siopi &#8212; How to suppress your Siopi Account\"}]},{\"@type\":\"WebSite\",\"@id\":\"https:\/\/siopi.ai\/#website\",\"url\":\"https:\/\/siopi.ai\/\",\"name\":\"Siopi\",\"description\":\"Tinnitus learning community\",\"publisher\":{\"@id\":\"https:\/\/siopi.ai\/#organization\"},\"potentialAction\":[{\"@type\":\"SearchAction\",\"target\":{\"@type\":\"EntryPoint\",\"urlTemplate\":\"https:\/\/siopi.ai\/?s={search_term_string}\"},\"query-input\":\"required name=search_term_string\"}],\"inLanguage\":\"fr-FR\"},{\"@type\":\"Organization\",\"@id\":\"https:\/\/siopi.ai\/#organization\",\"name\":\"Siopi\",\"url\":\"https:\/\/siopi.ai\/\",\"logo\":{\"@type\":\"ImageObject\",\"inLanguage\":\"fr-FR\",\"@id\":\"https:\/\/siopi.ai\/#\/schema\/logo\/image\/\",\"url\":\"https:\/\/siopi.ai\/wp-content\/uploads\/2022\/02\/Logo-Siopi-no-text.png\",\"contentUrl\":\"https:\/\/siopi.ai\/wp-content\/uploads\/2022\/02\/Logo-Siopi-no-text.png\",\"width\":1039,\"height\":974,\"caption\":\"Siopi\"},\"image\":{\"@id\":\"https:\/\/siopi.ai\/#\/schema\/logo\/image\/\"}}]}<\/script>\n<!-- \/ Yoast SEO plugin. -->","yoast_head_json":{"title":"Comment supprimer son compte Siopi - How to suppress your Siopi Account - Siopi","robots":{"index":"index","follow":"follow","max-snippet":"max-snippet:-1","max-image-preview":"max-image-preview:large","max-video-preview":"max-video-preview:-1"},"canonical":"https:\/\/siopi.ai\/fr\/how-to-suppress-your-siopi-account\/","og_locale":"fr_FR","og_type":"article","og_title":"Comment supprimer son compte Siopi - How to suppress your Siopi Account - Siopi","og_description":"Etape 1 : Ouvrez l&#8217;application Siopi Etape 2 : Connectez-vous \u00e0 votre compte Siopi avec votre identifiant et votre mot de passe Etape 3: Cliquez sur le bouton de menu lat\u00e9ral, pr\u00e9sent en haut \u00e0 gauche de l&#8217;\u00e9cran et repr\u00e9sent\u00e9 par 3 barre horizontales Etape 4 : Cliquez sur &#8220;param\u00e8tres avanc\u00e9s&#8221;. Etape 5 : Appuyez &hellip; Comment supprimer son compte Siopi &#8212; How to suppress your Siopi Account Lire la suite\u00a0\u00bb","og_url":"https:\/\/siopi.ai\/fr\/how-to-suppress-your-siopi-account\/","og_site_name":"Siopi","article_modified_time":"2024-03-29T16:08:10+00:00","twitter_card":"summary_large_image","twitter_misc":{"Dur\u00e9e de lecture estim\u00e9e":"1 minute"},"schema":{"@context":"https:\/\/schema.org","@graph":[{"@type":"WebPage","@id":"https:\/\/siopi.ai\/how-to-suppress-your-siopi-account","url":"https:\/\/siopi.ai\/how-to-suppress-your-siopi-account","name":"Comment supprimer son compte Siopi - How to suppress your Siopi Account - Siopi","isPartOf":{"@id":"https:\/\/siopi.ai\/#website"},"datePublished":"2024-03-29T15:48:40+00:00","dateModified":"2024-03-29T16:08:10+00:00","breadcrumb":{"@id":"https:\/\/siopi.ai\/how-to-suppress-your-siopi-account#breadcrumb"},"inLanguage":"fr-FR","potentialAction":[{"@type":"ReadAction","target":["https:\/\/siopi.ai\/how-to-suppress-your-siopi-account"]}]},{"@type":"BreadcrumbList","@id":"https:\/\/siopi.ai\/how-to-suppress-your-siopi-account#breadcrumb","itemListElement":[{"@type":"ListItem","position":1,"name":"Home","item":"https:\/\/siopi.ai\/"},{"@type":"ListItem","position":2,"name":"Comment supprimer son compte Siopi &#8212; How to suppress your Siopi Account"}]},{"@type":"WebSite","@id":"https:\/\/siopi.ai\/#website","url":"https:\/\/siopi.ai\/","name":"Siopi","description":"Tinnitus learning community","publisher":{"@id":"https:\/\/siopi.ai\/#organization"},"potentialAction":[{"@type":"SearchAction","target":{"@type":"EntryPoint","urlTemplate":"https:\/\/siopi.ai\/?s={search_term_string}"},"query-input":"required name=search_term_string"}],"inLanguage":"fr-FR"},{"@type":"Organization","@id":"https:\/\/siopi.ai\/#organization","name":"Siopi","url":"https:\/\/siopi.ai\/","logo":{"@type":"ImageObject","inLanguage":"fr-FR","@id":"https:\/\/siopi.ai\/#\/schema\/logo\/image\/","url":"https:\/\/siopi.ai\/wp-content\/uploads\/2022\/02\/Logo-Siopi-no-text.png","contentUrl":"https:\/\/siopi.ai\/wp-content\/uploads\/2022\/02\/Logo-Siopi-no-text.png","width":1039,"height":974,"caption":"Siopi"},"image":{"@id":"https:\/\/siopi.ai\/#\/schema\/logo\/image\/"}}]}},"_links":{"self":[{"href":"https:\/\/siopi.ai\/fr\/wp-json\/wp\/v2\/pages\/11249","targetHints":{"allow":["GET"]}}],"collection":[{"href":"https:\/\/siopi.ai\/fr\/wp-json\/wp\/v2\/pages"}],"about":[{"href":"https:\/\/siopi.ai\/fr\/wp-json\/wp\/v2\/types\/page"}],"author":[{"embeddable":true,"href":"https:\/\/siopi.ai\/fr\/wp-json\/wp\/v2\/users\/3"}],"replies":[{"embeddable":true,"href":"https:\/\/siopi.ai\/fr\/wp-json\/wp\/v2\/comments?post=11249"}],"version-history":[{"count":2,"href":"https:\/\/siopi.ai\/fr\/wp-json\/wp\/v2\/pages\/11249\/revisions"}],"predecessor-version":[{"id":11255,"href":"https:\/\/siopi.ai\/fr\/wp-json\/wp\/v2\/pages\/11249\/revisions\/11255"}],"wp:attachment":[{"href":"https:\/\/siopi.ai\/fr\/wp-json\/wp\/v2\/media?parent=11249"}],"curies":[{"name":"wp","href":"https:\/\/api.w.org\/{rel}","templated":true}]}}