{"id":2,"date":"2020-10-09T07:45:09","date_gmt":"2020-10-09T07:45:09","guid":{"rendered":"https:\/\/siopiaitocalmchroni.live-website.com\/?page_id=2"},"modified":"2022-02-09T10:38:00","modified_gmt":"2022-02-09T10:38:00","slug":"politique-gestion-donnees","status":"publish","type":"page","link":"https:\/\/siopi.ai\/fr\/politique-gestion-donnees","title":{"rendered":"CHARTE DE PROTECTION DES DONN\u00c9ES PERSONNELLES \/ data policy &#8212; SIOPI"},"content":{"rendered":"<h2 class=\"wp-block-heading\" id=\"identite-et-coordonnees-du-responsable-des-traitements\"><br>Identit\u00e9 et coordonn\u00e9es du responsable des traitements :<\/h2>\n\n\n\n<p class=\"has-medium-font-size\">Le responsable du traitement est SIOPI (SAS), RCS\u00a0: 890719123 Paris, 15 rue des Halles, 75001 Paris, ci-apr\u00e8s nomm\u00e9e \u00ab\u00a0Siopi\u00a0\u00bb.<\/p>\n\n\n\n<p class=\"has-large-font-size\" style=\"font-style:italic;font-weight:600\">Identity and contact information of the data controller :<\/p>\n\n\n\n<p class=\"has-medium-font-size\"><em>The data controller is SIOPI (SAS), RCS :  890719123 Paris, 15 rue des Halles, 75001 Paris, hereafter named \u00ab\u00a0Siopi\u00a0\u00bb.<\/em><\/p>\n\n\n\n<h2 class=\"wp-block-heading\" id=\"coordonnees-du-delegue-a-la-protection-des-donnees\"><br>Coordonn\u00e9es du D\u00e9l\u00e9gu\u00e9 \u00e0 la protection des donn\u00e9es :<\/h2>\n\n\n\n<p class=\"has-medium-font-size\"><br>Siopi a d\u00e9sign\u00e9 un D\u00e9l\u00e9gu\u00e9 \u00e0 la protection des donn\u00e9es dont les coordonn\u00e9es sont : Fleepit Digital, 23, rue du Peintre Lebrun, 78000 Versailles.<\/p>\n\n\n\n<p class=\"has-large-font-size\" style=\"font-style:italic;font-weight:600\"><em>Contact information of the Data Protection Officer :<\/em><\/p>\n\n\n\n<p class=\"has-medium-font-size\" style=\"font-style:italic;font-weight:400\">Siopi designated  Fleepit Digital (23, rue du Peintre Lebrun, 78000 Versailles), as its Data Protection officer.<\/p>\n\n\n\n<h2 class=\"wp-block-heading\" id=\"finalite-des-traitements-mis-en-oeuvre\"><br>Finalit\u00e9 des traitements mis en oeuvre<\/h2>\n\n\n\n<p class=\"has-medium-font-size\"><br>Le traitement a pour premier objet la promotion de l&#8217;entraide au sein de la communaut\u00e9 des personnes atteintes de troubles auditifs (acouph\u00e8nes, hyperacousie, malentendance). Le traitement a comme second objet de contribuer \u00e0 la recherche \u00e9pid\u00e9miologique et clinique sur les troubles auditifs.<br>Il permet de favoriser des mises en contacts entre patients sur base de similarit\u00e9 de leurs profils sympt\u00f4mes.<\/p>\n\n\n\n<p class=\"has-large-font-size\" style=\"font-style:italic;font-weight:600\"><em>Purpose of the data processing carried out :<\/em><\/p>\n\n\n\n<p class=\"has-medium-font-size\" style=\"font-style:italic;font-weight:400\">The data processing operated has the first purpose of promoting mutual help among the hearing impairment (tinnitus, hyperacusis, hearing loss) patient community. The data processing operated second purpose is to contribute to epidemiological and clinical scientific research on hearing impairment.<br>It enables to facilitate the connexion between patients on the base of the similarity of their symptom profiles.<\/p>\n\n\n\n<h2 class=\"wp-block-heading\" id=\"categorie-de-donnees\"><br>Cat\u00e9gorie de Donn\u00e9es<\/h2>\n\n\n\n<p class=\"has-medium-font-size\">Les personnes concern\u00e9es sont personnes atteintes de troubles auditifs (acouph\u00e8nes, hyperacousie, malentendance&#8230;) et les associations repr\u00e9sentantes de ces personnes.<br>Les donn\u00e9es collect\u00e9es sont des donn\u00e9es d\u2019identit\u00e9, de personnalit\u00e9 et des donn\u00e9es de sant\u00e9.<br>Les donn\u00e9es sont collect\u00e9es aupr\u00e8s de la personne concern\u00e9e dans le cadre du processus de traitement.<br>Le recueil des donn\u00e9es est obligatoire pour la mise en place du traitement.<br>Le traitement ne pr\u00e9voit pas de prise de d\u00e9cision automatis\u00e9e.<\/p>\n\n\n\n<p class=\"has-large-font-size\" style=\"font-style:italic;font-weight:600\"><em>Data categories :<\/em><\/p>\n\n\n\n<p class=\"has-medium-font-size\" style=\"font-style:italic;font-weight:400\">People concerned are people affected by hearing imparment (tinnitus, hyperacusis, hearing loss&#8230;)  and associations  representing this community.<br>Collected data are identity, personality and health data.<br>Collected data are collected with the concerned user as part of data processing.<br>Data acquisition is mandatory for the setting up of data processing.<br>Data processing doesn&#8217;t involve automatised decision making.<\/p>\n\n\n\n<h2 class=\"wp-block-heading\" id=\"liceite-des-traitements-mis-en-oeuvre\"><br>Lic\u00e9it\u00e9 des traitements mis en oeuvre<\/h2>\n\n\n\n<p class=\"has-medium-font-size\">Le traitement repose sur le consentement libre, sp\u00e9cifique, \u00e9clair\u00e9 et univoque de la personne concern\u00e9e lors de l\u2019initialisation du processus de traitement.<\/p>\n\n\n\n<p class=\"has-large-font-size\" style=\"font-style:italic;font-weight:600\">Operated<em> data processing legality :<\/em><\/p>\n\n\n\n<p class=\"has-medium-font-size\" style=\"font-style:italic;font-weight:400\">Data processing is based on free, specific, informed and unequivocal consent of the concerned user at the data processing initialisation.<\/p>\n\n\n\n<h2 class=\"wp-block-heading\" id=\"destinataires-des-donnees-personnelles\"><br>Destinataires des donn\u00e9es personnelles :<\/h2>\n\n\n\n<p class=\"has-medium-font-size\"><strong>Cat\u00e9gories de destinataires<\/strong><br>Sont destinataires des donn\u00e9es :<br>&#8211; les services et prestataires de Siopi en charge des diff\u00e9rentes finalit\u00e9s.<\/p>\n\n\n\n<p class=\"has-medium-font-size\">Sont \u00e9galement destinataires des donn\u00e9es pr\u00e9alablement anonymis\u00e9es :<br>&#8211; des laboratoires de recherche acad\u00e9mique publique et des associations visant \u00e0 aider les personnes atteintes de troubles auditifs (acouph\u00e8nes, hyperacousie, malentendance\u2026) ayant fait la demande de ces donn\u00e9es et uniquement \u00e0 des fins de recherche<br>&#8211; le chercheur ind\u00e9pendant Robin Guillard dans le cadre son activit\u00e9 de recherche sur les acouph\u00e8nes Robin Guillard EIRL.<br>&#8211; le projet de recherche europ\u00e9en &#8220;Tinnitus Database&#8221; uniquement \u00e0 des fins de recherche<\/p>\n\n\n\n<p class=\"has-large-font-size\" style=\"font-style:italic;font-weight:600\">Personal datas recipients<em> :<\/em><\/p>\n\n\n\n<p class=\"has-medium-font-size\" style=\"font-style:italic;font-weight:400\"><strong>Recipients categories<\/strong><br>Data recipients are :<br>&#8211; Siopi services and providers in charge of the different purposes.<\/p>\n\n\n\n<p class=\"has-medium-font-size\" style=\"font-style:italic;font-weight:400\">Additional pre-anonymised data recipients : <br>&#8211; public academic research laboratories and associations aiming at helping people with hearing impairment (tinnitus, hyperacusis, hearing loss&#8230;) requesting these data solely for research purposes<br>&#8211; Independent researcher Robin Guillard as part of his research activities on tinnitus Robin Guillard EIRL.<br>&#8211; European research project &#8220;Tinnitus Database&#8221; solely for research purposes<br><\/p>\n\n\n\n<h2 class=\"wp-block-heading\" id=\"transferts-des-donnees-hors-ue\">Transferts des donn\u00e9es hors UE<\/h2>\n\n\n\n<p class=\"has-medium-font-size\">Aucun transfert de donn\u00e9es hors de l&#8217;Union europ\u00e9enne n&#8217;est r\u00e9alis\u00e9.<\/p>\n\n\n\n<p class=\"has-large-font-size\" style=\"font-style:italic;font-weight:600\">O<em>utside of EU data transfers :<\/em><\/p>\n\n\n\n<p class=\"has-medium-font-size\" style=\"font-style:italic;font-weight:400\">No data transfer is made outside of the European Union.<\/p>\n\n\n\n<h2 class=\"wp-block-heading\" id=\"duree-de-conservation\"><br>Dur\u00e9e de conservation<\/h2>\n\n\n\n<p class=\"has-medium-font-size\">Les donn\u00e9es des personnes concern\u00e9es sont conserv\u00e9es en base active pendant 4 ans puis anonymis\u00e9es.<\/p>\n\n\n\n<p class=\"has-large-font-size\" style=\"font-style:italic;font-weight:600\"><em>Data retention period :<\/em><\/p>\n\n\n\n<p class=\"has-medium-font-size\" style=\"font-style:italic;font-weight:400\">Concerned users data are retained in active base for 4 years then anonymised.<br><\/p>\n\n\n\n<h2 class=\"wp-block-heading\" id=\"vos-droits-sur-les-donnees-vous-concernant\">Vos droits sur les donn\u00e9es vous concernant<\/h2>\n\n\n\n<p class=\"has-medium-font-size\">Vous b\u00e9n\u00e9ficiez sur vos donn\u00e9es personnelles d\u2019un droit d\u2019acc\u00e8s, de rectification, et d\u2019effacement, d\u2019un droit \u00e0 la portabilit\u00e9, \u00e0 la limitation du traitement, et d\u2019opposition dans les conditions pr\u00e9vues par la r\u00e9glementation.<br>Le d\u00e9l\u00e9gu\u00e9 \u00e0 la protection des donn\u00e9es (DPO) de Siopi est votre interlocuteur pour toute demande d&#8217;exercice de vos droits sur ce traitement. Contacter le DPO par voie \u00e9lectronique : <a rel=\"noreferrer noopener\" href=\"mailto:dpo_siopi@rgpdbox.com\" target=\"_blank\">dpo_siopi@rgpdbox.com<\/a><\/p>\n\n\n\n<p class=\"has-large-font-size\" style=\"font-style:italic;font-weight:600\"><em>Your rights over data related to you :<\/em><\/p>\n\n\n\n<p class=\"has-medium-font-size\" style=\"font-style:italic;font-weight:400\">You have the rights of consultation, of request of rectification and\/or erasure, of portability, limitation of processing, opposition over your personal data as in the conditions provided for by the regulations in force.<br>Siopi&#8217;s Data Protection Officer (DPO) is your interlocutor for all requests of application of your data processing rights. Please contact the DPO by mail : <a rel=\"noreferrer noopener\" href=\"mailto:dpo_siopi@rgpdbox.com\" target=\"_blank\">dpo_siopi@rgpdbox.com<\/a><\/p>\n\n\n\n<h2 class=\"wp-block-heading\" id=\"reclamation-plainte-aupres-de-la-cnil\"><br>R\u00e9clamation (plainte) aupr\u00e8s de la CNIL<\/h2>\n\n\n\n<p class=\"has-medium-font-size\">Si vous estimez, apr\u00e8s nous avoir contact\u00e9s, que vos droits sur vos donn\u00e9es ne sont pas respect\u00e9s, vous pouvez adresser une r\u00e9clamation (plainte) aupr\u00e8s de la CNIL, 3 place de Fontenoy &#8211; TSA 80715 \u2013 75334 PARIS CEDEX 07.<\/p>\n\n\n\n<p class=\"has-large-font-size\" style=\"font-style:italic;font-weight:600\"><em>Claim and complaints at CNIL (french national data processing and liberty commission) destination :<\/em><\/p>\n\n\n\n<p class=\"has-medium-font-size\" style=\"font-style:italic;font-weight:400\">If you consider, after having contacted us, that your rights over your data are not properly respected, you can address a claim (complaint) to the CNIL, 3 place de Fontenoy &#8211; TSA 80715 \u2013 75334 PARIS CEDEX 07.<br><\/p>","protected":false},"excerpt":{"rendered":"<p>CHARTE DE PROTECTION DES DONN\u00c9ES PERSONNELLES &#8212; SIOPI<\/p>","protected":false},"author":3,"featured_media":0,"parent":0,"menu_order":0,"comment_status":"closed","ping_status":"open","template":"","meta":{"_mi_skip_tracking":false,"site-sidebar-layout":"default","site-content-layout":"default","ast-global-header-display":"","ast-main-header-display":"","ast-hfb-above-header-display":"","ast-hfb-below-header-display":"","ast-hfb-mobile-header-display":"","site-post-title":"","ast-breadcrumbs-content":"","ast-featured-img":"","footer-sml-layout":"","theme-transparent-header-meta":"","adv-header-id-meta":"","stick-header-meta":"","header-above-stick-meta":"","header-main-stick-meta":"","header-below-stick-meta":"","footnotes":""},"class_list":["post-2","page","type-page","status-publish","hentry"],"yoast_head":"<!-- This site is optimized with the Yoast SEO plugin v20.1 - https:\/\/yoast.com\/wordpress\/plugins\/seo\/ -->\n<title>CHARTE DE PROTECTION DES DONN\u00c9ES PERSONNELLES \/ data policy - SIOPI - Siopi<\/title>\n<meta name=\"robots\" content=\"index, follow, max-snippet:-1, max-image-preview:large, max-video-preview:-1\" \/>\n<link rel=\"canonical\" href=\"https:\/\/siopi.ai\/fr\/politique-gestion-donnees\/\" \/>\n<meta property=\"og:locale\" content=\"fr_FR\" \/>\n<meta property=\"og:type\" content=\"article\" \/>\n<meta property=\"og:title\" content=\"CHARTE DE PROTECTION DES DONN\u00c9ES PERSONNELLES \/ data policy - SIOPI - Siopi\" \/>\n<meta property=\"og:description\" content=\"CHARTE DE PROTECTION DES DONN\u00c9ES PERSONNELLES -- SIOPI\" \/>\n<meta property=\"og:url\" content=\"https:\/\/siopi.ai\/fr\/politique-gestion-donnees\/\" \/>\n<meta property=\"og:site_name\" content=\"Siopi\" \/>\n<meta property=\"article:modified_time\" content=\"2022-02-09T10:38:00+00:00\" \/>\n<meta name=\"twitter:card\" content=\"summary_large_image\" \/>\n<meta name=\"twitter:label1\" content=\"Dur\u00e9e de lecture estim\u00e9e\" \/>\n\t<meta name=\"twitter:data1\" content=\"5 minutes\" \/>\n<script type=\"application\/ld+json\" class=\"yoast-schema-graph\">{\"@context\":\"https:\/\/schema.org\",\"@graph\":[{\"@type\":\"WebPage\",\"@id\":\"https:\/\/siopi.ai\/politique-gestion-donnees\",\"url\":\"https:\/\/siopi.ai\/politique-gestion-donnees\",\"name\":\"CHARTE DE PROTECTION DES DONN\u00c9ES PERSONNELLES \/ data policy - SIOPI - Siopi\",\"isPartOf\":{\"@id\":\"https:\/\/siopi.ai\/#website\"},\"datePublished\":\"2020-10-09T07:45:09+00:00\",\"dateModified\":\"2022-02-09T10:38:00+00:00\",\"breadcrumb\":{\"@id\":\"https:\/\/siopi.ai\/politique-gestion-donnees#breadcrumb\"},\"inLanguage\":\"fr-FR\",\"potentialAction\":[{\"@type\":\"ReadAction\",\"target\":[\"https:\/\/siopi.ai\/politique-gestion-donnees\"]}]},{\"@type\":\"BreadcrumbList\",\"@id\":\"https:\/\/siopi.ai\/politique-gestion-donnees#breadcrumb\",\"itemListElement\":[{\"@type\":\"ListItem\",\"position\":1,\"name\":\"Home\",\"item\":\"https:\/\/siopi.ai\/\"},{\"@type\":\"ListItem\",\"position\":2,\"name\":\"CHARTE DE PROTECTION DES DONN\u00c9ES PERSONNELLES \/ data policy &#8212; SIOPI\"}]},{\"@type\":\"WebSite\",\"@id\":\"https:\/\/siopi.ai\/#website\",\"url\":\"https:\/\/siopi.ai\/\",\"name\":\"Siopi\",\"description\":\"Tinnitus learning community\",\"publisher\":{\"@id\":\"https:\/\/siopi.ai\/#organization\"},\"potentialAction\":[{\"@type\":\"SearchAction\",\"target\":{\"@type\":\"EntryPoint\",\"urlTemplate\":\"https:\/\/siopi.ai\/?s={search_term_string}\"},\"query-input\":\"required name=search_term_string\"}],\"inLanguage\":\"fr-FR\"},{\"@type\":\"Organization\",\"@id\":\"https:\/\/siopi.ai\/#organization\",\"name\":\"Siopi\",\"url\":\"https:\/\/siopi.ai\/\",\"logo\":{\"@type\":\"ImageObject\",\"inLanguage\":\"fr-FR\",\"@id\":\"https:\/\/siopi.ai\/#\/schema\/logo\/image\/\",\"url\":\"https:\/\/siopi.ai\/wp-content\/uploads\/2022\/02\/Logo-Siopi-no-text.png\",\"contentUrl\":\"https:\/\/siopi.ai\/wp-content\/uploads\/2022\/02\/Logo-Siopi-no-text.png\",\"width\":1039,\"height\":974,\"caption\":\"Siopi\"},\"image\":{\"@id\":\"https:\/\/siopi.ai\/#\/schema\/logo\/image\/\"}}]}<\/script>\n<!-- \/ Yoast SEO plugin. -->","yoast_head_json":{"title":"CHARTE DE PROTECTION DES DONN\u00c9ES PERSONNELLES \/ data policy - SIOPI - Siopi","robots":{"index":"index","follow":"follow","max-snippet":"max-snippet:-1","max-image-preview":"max-image-preview:large","max-video-preview":"max-video-preview:-1"},"canonical":"https:\/\/siopi.ai\/fr\/politique-gestion-donnees\/","og_locale":"fr_FR","og_type":"article","og_title":"CHARTE DE PROTECTION DES DONN\u00c9ES PERSONNELLES \/ data policy - SIOPI - Siopi","og_description":"CHARTE DE PROTECTION DES DONN\u00c9ES PERSONNELLES -- SIOPI","og_url":"https:\/\/siopi.ai\/fr\/politique-gestion-donnees\/","og_site_name":"Siopi","article_modified_time":"2022-02-09T10:38:00+00:00","twitter_card":"summary_large_image","twitter_misc":{"Dur\u00e9e de lecture estim\u00e9e":"5 minutes"},"schema":{"@context":"https:\/\/schema.org","@graph":[{"@type":"WebPage","@id":"https:\/\/siopi.ai\/politique-gestion-donnees","url":"https:\/\/siopi.ai\/politique-gestion-donnees","name":"CHARTE DE PROTECTION DES DONN\u00c9ES PERSONNELLES \/ data policy - SIOPI - Siopi","isPartOf":{"@id":"https:\/\/siopi.ai\/#website"},"datePublished":"2020-10-09T07:45:09+00:00","dateModified":"2022-02-09T10:38:00+00:00","breadcrumb":{"@id":"https:\/\/siopi.ai\/politique-gestion-donnees#breadcrumb"},"inLanguage":"fr-FR","potentialAction":[{"@type":"ReadAction","target":["https:\/\/siopi.ai\/politique-gestion-donnees"]}]},{"@type":"BreadcrumbList","@id":"https:\/\/siopi.ai\/politique-gestion-donnees#breadcrumb","itemListElement":[{"@type":"ListItem","position":1,"name":"Home","item":"https:\/\/siopi.ai\/"},{"@type":"ListItem","position":2,"name":"CHARTE DE PROTECTION DES DONN\u00c9ES PERSONNELLES \/ data policy &#8212; SIOPI"}]},{"@type":"WebSite","@id":"https:\/\/siopi.ai\/#website","url":"https:\/\/siopi.ai\/","name":"Siopi","description":"Tinnitus learning community","publisher":{"@id":"https:\/\/siopi.ai\/#organization"},"potentialAction":[{"@type":"SearchAction","target":{"@type":"EntryPoint","urlTemplate":"https:\/\/siopi.ai\/?s={search_term_string}"},"query-input":"required name=search_term_string"}],"inLanguage":"fr-FR"},{"@type":"Organization","@id":"https:\/\/siopi.ai\/#organization","name":"Siopi","url":"https:\/\/siopi.ai\/","logo":{"@type":"ImageObject","inLanguage":"fr-FR","@id":"https:\/\/siopi.ai\/#\/schema\/logo\/image\/","url":"https:\/\/siopi.ai\/wp-content\/uploads\/2022\/02\/Logo-Siopi-no-text.png","contentUrl":"https:\/\/siopi.ai\/wp-content\/uploads\/2022\/02\/Logo-Siopi-no-text.png","width":1039,"height":974,"caption":"Siopi"},"image":{"@id":"https:\/\/siopi.ai\/#\/schema\/logo\/image\/"}}]}},"_links":{"self":[{"href":"https:\/\/siopi.ai\/fr\/wp-json\/wp\/v2\/pages\/2","targetHints":{"allow":["GET"]}}],"collection":[{"href":"https:\/\/siopi.ai\/fr\/wp-json\/wp\/v2\/pages"}],"about":[{"href":"https:\/\/siopi.ai\/fr\/wp-json\/wp\/v2\/types\/page"}],"author":[{"embeddable":true,"href":"https:\/\/siopi.ai\/fr\/wp-json\/wp\/v2\/users\/3"}],"replies":[{"embeddable":true,"href":"https:\/\/siopi.ai\/fr\/wp-json\/wp\/v2\/comments?post=2"}],"version-history":[{"count":6,"href":"https:\/\/siopi.ai\/fr\/wp-json\/wp\/v2\/pages\/2\/revisions"}],"predecessor-version":[{"id":8972,"href":"https:\/\/siopi.ai\/fr\/wp-json\/wp\/v2\/pages\/2\/revisions\/8972"}],"wp:attachment":[{"href":"https:\/\/siopi.ai\/fr\/wp-json\/wp\/v2\/media?parent=2"}],"curies":[{"name":"wp","href":"https:\/\/api.w.org\/{rel}","templated":true}]}}