{"id":9237,"date":"2022-03-03T11:17:30","date_gmt":"2022-03-03T11:17:30","guid":{"rendered":"https:\/\/siopi.ai\/?page_id=9237"},"modified":"2022-03-03T11:28:29","modified_gmt":"2022-03-03T11:28:29","slug":"rating-siopi","status":"publish","type":"page","link":"https:\/\/siopi.ai\/fr\/rating-siopi","title":{"rendered":"Rate Siopi on app stores"},"content":{"rendered":"<div data-elementor-type=\"wp-page\" data-elementor-id=\"9237\" class=\"elementor elementor-9237\">\n\t\t\t\t\t\t\t\t\t<section class=\"elementor-section elementor-top-section elementor-element elementor-element-kaiakjz elementor-section-boxed elementor-section-height-default elementor-section-height-default\" data-id=\"kaiakjz\" data-element_type=\"section\" data-settings=\"{&quot;background_background&quot;:&quot;gradient&quot;}\">\n\t\t\t\t\t\t<div class=\"elementor-container elementor-column-gap-default\">\n\t\t\t\t\t<div class=\"elementor-column elementor-col-100 elementor-top-column elementor-element elementor-element-608402e\" data-id=\"608402e\" data-element_type=\"column\" data-settings=\"{&quot;background_background&quot;:&quot;classic&quot;}\">\n\t\t\t<div class=\"elementor-widget-wrap elementor-element-populated\">\n\t\t\t\t\t\t\t\t<section class=\"elementor-section elementor-inner-section elementor-element elementor-element-079c422 elementor-section-content-middle elementor-section-boxed elementor-section-height-default elementor-section-height-default\" data-id=\"079c422\" data-element_type=\"section\">\n\t\t\t\t\t\t<div class=\"elementor-container elementor-column-gap-default\">\n\t\t\t\t\t<div class=\"elementor-column elementor-col-50 elementor-inner-column elementor-element elementor-element-7c50183\" data-id=\"7c50183\" data-element_type=\"column\">\n\t\t\t<div class=\"elementor-widget-wrap elementor-element-populated\">\n\t\t\t\t\t\t\t\t<div class=\"elementor-element elementor-element-c360817 elementor-position-top elementor-vertical-align-top elementor-widget elementor-widget-image-box\" data-id=\"c360817\" data-element_type=\"widget\" data-widget_type=\"image-box.default\">\n\t\t\t\t<div class=\"elementor-widget-container\">\n\t\t\t<style>\/*! elementor - v3.11.1 - 15-02-2023 *\/\n.elementor-widget-image-box .elementor-image-box-content{width:100%}@media (min-width:768px){.elementor-widget-image-box.elementor-position-left .elementor-image-box-wrapper,.elementor-widget-image-box.elementor-position-right .elementor-image-box-wrapper{display:flex}.elementor-widget-image-box.elementor-position-right .elementor-image-box-wrapper{text-align:right;flex-direction:row-reverse}.elementor-widget-image-box.elementor-position-left .elementor-image-box-wrapper{text-align:left;flex-direction:row}.elementor-widget-image-box.elementor-position-top .elementor-image-box-img{margin:auto}.elementor-widget-image-box.elementor-vertical-align-top .elementor-image-box-wrapper{align-items:flex-start}.elementor-widget-image-box.elementor-vertical-align-middle .elementor-image-box-wrapper{align-items:center}.elementor-widget-image-box.elementor-vertical-align-bottom .elementor-image-box-wrapper{align-items:flex-end}}@media (max-width:767px){.elementor-widget-image-box .elementor-image-box-img{margin-left:auto!important;margin-right:auto!important;margin-bottom:15px}}.elementor-widget-image-box .elementor-image-box-img{display:inline-block}.elementor-widget-image-box .elementor-image-box-title a{color:inherit}.elementor-widget-image-box .elementor-image-box-wrapper{text-align:center}.elementor-widget-image-box .elementor-image-box-description{margin:0}<\/style><div class=\"elementor-image-box-wrapper\"><div class=\"elementor-image-box-content\"><h2 class=\"elementor-image-box-title\">L'appli pour trouver des t\u00e9moignages de qualit\u00e9 sur les acouph\u00e8nes.<\/h2><p class=\"elementor-image-box-description\">Notez-nous dans votre app store et continuons \u00e0 construire une communaut\u00e9 significative pour les personnes souffrant d'acouph\u00e8nes.<\/p><\/div><\/div>\t\t<\/div>\n\t\t\t\t<\/div>\n\t\t\t\t<div class=\"elementor-element elementor-element-25d07b4 elementor-mobile-align-center elementor-widget elementor-widget-button\" data-id=\"25d07b4\" data-element_type=\"widget\" data-widget_type=\"button.default\">\n\t\t\t\t<div class=\"elementor-widget-container\">\n\t\t\t\t\t<div class=\"elementor-button-wrapper\">\n\t\t\t<a href=\"https:\/\/play.google.com\/store\/apps\/details?id=com.siopi.siopi_app\" class=\"elementor-button-link elementor-button elementor-size-sm\" role=\"button\">\n\t\t\t\t\t\t<span class=\"elementor-button-content-wrapper\">\n\t\t\t\t\t\t\t<span class=\"elementor-button-icon elementor-align-icon-right\">\n\t\t\t\t<i aria-hidden=\"true\" class=\"far fa-star\"><\/i>\t\t\t<\/span>\n\t\t\t\t\t\t<span class=\"elementor-button-text\">\u00c9valuez sur Play Store<\/span>\n\t\t<\/span>\n\t\t\t\t\t<\/a>\n\t\t<\/div>\n\t\t\t\t<\/div>\n\t\t\t\t<\/div>\n\t\t\t\t<div class=\"elementor-element elementor-element-856a51c elementor-mobile-align-center elementor-widget elementor-widget-button\" data-id=\"856a51c\" data-element_type=\"widget\" data-widget_type=\"button.default\">\n\t\t\t\t<div class=\"elementor-widget-container\">\n\t\t\t\t\t<div class=\"elementor-button-wrapper\">\n\t\t\t<a href=\"https:\/\/apps.apple.com\/fr\/app\/siopi\/id1571284672#?platform=iphone\" class=\"elementor-button-link elementor-button elementor-size-sm\" role=\"button\">\n\t\t\t\t\t\t<span class=\"elementor-button-content-wrapper\">\n\t\t\t\t\t\t\t<span class=\"elementor-button-icon elementor-align-icon-right\">\n\t\t\t\t<i aria-hidden=\"true\" class=\"far fa-star\"><\/i>\t\t\t<\/span>\n\t\t\t\t\t\t<span class=\"elementor-button-text\">\u00c9valuez sur l'App Store<\/span>\n\t\t<\/span>\n\t\t\t\t\t<\/a>\n\t\t<\/div>\n\t\t\t\t<\/div>\n\t\t\t\t<\/div>\n\t\t\t\t\t<\/div>\n\t\t<\/div>\n\t\t\t\t<div class=\"elementor-column elementor-col-50 elementor-inner-column elementor-element elementor-element-709338e\" data-id=\"709338e\" data-element_type=\"column\">\n\t\t\t<div class=\"elementor-widget-wrap elementor-element-populated\">\n\t\t\t\t\t\t\t\t<div class=\"elementor-element elementor-element-0457d56 elementor-widget elementor-widget-image\" data-id=\"0457d56\" data-element_type=\"widget\" data-widget_type=\"image.default\">\n\t\t\t\t<div class=\"elementor-widget-container\">\n\t\t\t<style>\/*! elementor - v3.11.1 - 15-02-2023 *\/\n.elementor-widget-image{text-align:center}.elementor-widget-image a{display:inline-block}.elementor-widget-image a img[src$=\".svg\"]{width:48px}.elementor-widget-image img{vertical-align:middle;display:inline-block}<\/style>\t\t\t\t\t\t\t\t\t\t\t\t<img loading=\"lazy\" decoding=\"async\" width=\"1530\" height=\"2892\" src=\"https:\/\/siopi.ai\/wp-content\/uploads\/2022\/02\/IMG_7658_iphone12black_portrait.png\" class=\"attachment-full size-full wp-image-7838\" alt=\"\" srcset=\"https:\/\/siopi.ai\/wp-content\/uploads\/2022\/02\/IMG_7658_iphone12black_portrait.png 1530w, https:\/\/siopi.ai\/wp-content\/uploads\/2022\/02\/IMG_7658_iphone12black_portrait-159x300.png 159w, https:\/\/siopi.ai\/wp-content\/uploads\/2022\/02\/IMG_7658_iphone12black_portrait-542x1024.png 542w, https:\/\/siopi.ai\/wp-content\/uploads\/2022\/02\/IMG_7658_iphone12black_portrait-768x1452.png 768w, https:\/\/siopi.ai\/wp-content\/uploads\/2022\/02\/IMG_7658_iphone12black_portrait-813x1536.png 813w, https:\/\/siopi.ai\/wp-content\/uploads\/2022\/02\/IMG_7658_iphone12black_portrait-1083x2048.png 1083w, https:\/\/siopi.ai\/wp-content\/uploads\/2022\/02\/IMG_7658_iphone12black_portrait-6x12.png 6w, https:\/\/siopi.ai\/wp-content\/uploads\/2022\/02\/IMG_7658_iphone12black_portrait-1320x2495.png 1320w\" sizes=\"auto, (max-width: 1530px) 100vw, 1530px\" \/>\t\t\t\t\t\t\t\t\t\t\t\t\t\t\t<\/div>\n\t\t\t\t<\/div>\n\t\t\t\t\t<\/div>\n\t\t<\/div>\n\t\t\t\t\t\t\t<\/div>\n\t\t<\/section>\n\t\t\t\t\t<\/div>\n\t\t<\/div>\n\t\t\t\t\t\t\t<\/div>\n\t\t<\/section>\n\t\t\t\t\t\t\t<\/div>","protected":false},"excerpt":{"rendered":"<p>The app to find high-quality tinnitus testimonies. Rate us in your app store and let&#8217;s keep building a meaningful community for people suffering from tinnitus. Rate on Play Store Rate on App store<\/p>","protected":false},"author":8,"featured_media":0,"parent":0,"menu_order":0,"comment_status":"closed","ping_status":"closed","template":"","meta":{"_mi_skip_tracking":false,"site-sidebar-layout":"no-sidebar","site-content-layout":"page-builder","ast-global-header-display":"","ast-main-header-display":"","ast-hfb-above-header-display":"","ast-hfb-below-header-display":"","ast-hfb-mobile-header-display":"","site-post-title":"disabled","ast-breadcrumbs-content":"","ast-featured-img":"disabled","footer-sml-layout":"","theme-transparent-header-meta":"","adv-header-id-meta":"","stick-header-meta":"","header-above-stick-meta":"","header-main-stick-meta":"","header-below-stick-meta":"","footnotes":""},"class_list":["post-9237","page","type-page","status-publish","hentry"],"yoast_head":"<!-- This site is optimized with the Yoast SEO plugin v20.1 - https:\/\/yoast.com\/wordpress\/plugins\/seo\/ -->\n<title>Rate Siopi on app stores - Siopi<\/title>\n<meta name=\"robots\" content=\"index, follow, max-snippet:-1, max-image-preview:large, max-video-preview:-1\" \/>\n<link rel=\"canonical\" href=\"https:\/\/siopi.ai\/fr\/rating-siopi\" \/>\n<meta property=\"og:locale\" content=\"fr_FR\" \/>\n<meta property=\"og:type\" content=\"article\" \/>\n<meta property=\"og:title\" content=\"Rate Siopi on app stores - Siopi\" \/>\n<meta property=\"og:description\" content=\"The app to find high-quality tinnitus testimonies. Rate us in your app store and let&#8217;s keep building a meaningful community for people suffering from tinnitus. Rate on Play Store Rate on App store\" \/>\n<meta property=\"og:url\" content=\"https:\/\/siopi.ai\/fr\/rating-siopi\" \/>\n<meta property=\"og:site_name\" content=\"Siopi\" \/>\n<meta property=\"article:modified_time\" content=\"2022-03-03T11:28:29+00:00\" \/>\n<meta property=\"og:image\" content=\"https:\/\/siopi.ai\/wp-content\/uploads\/2022\/02\/IMG_7658_iphone12black_portrait.png\" \/>\n<meta name=\"twitter:card\" content=\"summary_large_image\" \/>\n<script type=\"application\/ld+json\" class=\"yoast-schema-graph\">{\"@context\":\"https:\/\/schema.org\",\"@graph\":[{\"@type\":\"WebPage\",\"@id\":\"https:\/\/siopi.ai\/fr\/rating-siopi\",\"url\":\"https:\/\/siopi.ai\/fr\/rating-siopi\",\"name\":\"Rate Siopi on app stores - Siopi\",\"isPartOf\":{\"@id\":\"https:\/\/siopi.ai\/#website\"},\"datePublished\":\"2022-03-03T11:17:30+00:00\",\"dateModified\":\"2022-03-03T11:28:29+00:00\",\"breadcrumb\":{\"@id\":\"https:\/\/siopi.ai\/fr\/rating-siopi#breadcrumb\"},\"inLanguage\":\"fr-FR\",\"potentialAction\":[{\"@type\":\"ReadAction\",\"target\":[\"https:\/\/siopi.ai\/fr\/rating-siopi\"]}]},{\"@type\":\"BreadcrumbList\",\"@id\":\"https:\/\/siopi.ai\/fr\/rating-siopi#breadcrumb\",\"itemListElement\":[{\"@type\":\"ListItem\",\"position\":1,\"name\":\"Home\",\"item\":\"https:\/\/siopi.ai\/\"},{\"@type\":\"ListItem\",\"position\":2,\"name\":\"Rate Siopi on app stores\"}]},{\"@type\":\"WebSite\",\"@id\":\"https:\/\/siopi.ai\/#website\",\"url\":\"https:\/\/siopi.ai\/\",\"name\":\"Siopi\",\"description\":\"Tinnitus learning community\",\"publisher\":{\"@id\":\"https:\/\/siopi.ai\/#organization\"},\"potentialAction\":[{\"@type\":\"SearchAction\",\"target\":{\"@type\":\"EntryPoint\",\"urlTemplate\":\"https:\/\/siopi.ai\/?s={search_term_string}\"},\"query-input\":\"required name=search_term_string\"}],\"inLanguage\":\"fr-FR\"},{\"@type\":\"Organization\",\"@id\":\"https:\/\/siopi.ai\/#organization\",\"name\":\"Siopi\",\"url\":\"https:\/\/siopi.ai\/\",\"logo\":{\"@type\":\"ImageObject\",\"inLanguage\":\"fr-FR\",\"@id\":\"https:\/\/siopi.ai\/#\/schema\/logo\/image\/\",\"url\":\"https:\/\/siopi.ai\/wp-content\/uploads\/2022\/02\/Logo-Siopi-no-text.png\",\"contentUrl\":\"https:\/\/siopi.ai\/wp-content\/uploads\/2022\/02\/Logo-Siopi-no-text.png\",\"width\":1039,\"height\":974,\"caption\":\"Siopi\"},\"image\":{\"@id\":\"https:\/\/siopi.ai\/#\/schema\/logo\/image\/\"}}]}<\/script>\n<!-- \/ Yoast SEO plugin. -->","yoast_head_json":{"title":"Rate Siopi on app stores - Siopi","robots":{"index":"index","follow":"follow","max-snippet":"max-snippet:-1","max-image-preview":"max-image-preview:large","max-video-preview":"max-video-preview:-1"},"canonical":"https:\/\/siopi.ai\/fr\/rating-siopi","og_locale":"fr_FR","og_type":"article","og_title":"Rate Siopi on app stores - Siopi","og_description":"The app to find high-quality tinnitus testimonies. Rate us in your app store and let&#8217;s keep building a meaningful community for people suffering from tinnitus. Rate on Play Store Rate on App store","og_url":"https:\/\/siopi.ai\/fr\/rating-siopi","og_site_name":"Siopi","article_modified_time":"2022-03-03T11:28:29+00:00","og_image":[{"url":"https:\/\/siopi.ai\/wp-content\/uploads\/2022\/02\/IMG_7658_iphone12black_portrait.png"}],"twitter_card":"summary_large_image","schema":{"@context":"https:\/\/schema.org","@graph":[{"@type":"WebPage","@id":"https:\/\/siopi.ai\/fr\/rating-siopi","url":"https:\/\/siopi.ai\/fr\/rating-siopi","name":"Rate Siopi on app stores - Siopi","isPartOf":{"@id":"https:\/\/siopi.ai\/#website"},"datePublished":"2022-03-03T11:17:30+00:00","dateModified":"2022-03-03T11:28:29+00:00","breadcrumb":{"@id":"https:\/\/siopi.ai\/fr\/rating-siopi#breadcrumb"},"inLanguage":"fr-FR","potentialAction":[{"@type":"ReadAction","target":["https:\/\/siopi.ai\/fr\/rating-siopi"]}]},{"@type":"BreadcrumbList","@id":"https:\/\/siopi.ai\/fr\/rating-siopi#breadcrumb","itemListElement":[{"@type":"ListItem","position":1,"name":"Home","item":"https:\/\/siopi.ai\/"},{"@type":"ListItem","position":2,"name":"Rate Siopi on app stores"}]},{"@type":"WebSite","@id":"https:\/\/siopi.ai\/#website","url":"https:\/\/siopi.ai\/","name":"Siopi","description":"Tinnitus learning community","publisher":{"@id":"https:\/\/siopi.ai\/#organization"},"potentialAction":[{"@type":"SearchAction","target":{"@type":"EntryPoint","urlTemplate":"https:\/\/siopi.ai\/?s={search_term_string}"},"query-input":"required name=search_term_string"}],"inLanguage":"fr-FR"},{"@type":"Organization","@id":"https:\/\/siopi.ai\/#organization","name":"Siopi","url":"https:\/\/siopi.ai\/","logo":{"@type":"ImageObject","inLanguage":"fr-FR","@id":"https:\/\/siopi.ai\/#\/schema\/logo\/image\/","url":"https:\/\/siopi.ai\/wp-content\/uploads\/2022\/02\/Logo-Siopi-no-text.png","contentUrl":"https:\/\/siopi.ai\/wp-content\/uploads\/2022\/02\/Logo-Siopi-no-text.png","width":1039,"height":974,"caption":"Siopi"},"image":{"@id":"https:\/\/siopi.ai\/#\/schema\/logo\/image\/"}}]}},"_links":{"self":[{"href":"https:\/\/siopi.ai\/fr\/wp-json\/wp\/v2\/pages\/9237","targetHints":{"allow":["GET"]}}],"collection":[{"href":"https:\/\/siopi.ai\/fr\/wp-json\/wp\/v2\/pages"}],"about":[{"href":"https:\/\/siopi.ai\/fr\/wp-json\/wp\/v2\/types\/page"}],"author":[{"embeddable":true,"href":"https:\/\/siopi.ai\/fr\/wp-json\/wp\/v2\/users\/8"}],"replies":[{"embeddable":true,"href":"https:\/\/siopi.ai\/fr\/wp-json\/wp\/v2\/comments?post=9237"}],"version-history":[{"count":8,"href":"https:\/\/siopi.ai\/fr\/wp-json\/wp\/v2\/pages\/9237\/revisions"}],"predecessor-version":[{"id":9246,"href":"https:\/\/siopi.ai\/fr\/wp-json\/wp\/v2\/pages\/9237\/revisions\/9246"}],"wp:attachment":[{"href":"https:\/\/siopi.ai\/fr\/wp-json\/wp\/v2\/media?parent=9237"}],"curies":[{"name":"wp","href":"https:\/\/api.w.org\/{rel}","templated":true}]}}